{"id":11902,"date":"2025-05-11T22:48:03","date_gmt":"2025-05-11T20:48:03","guid":{"rendered":"http:\/\/gaellechevalier.fr\/the-designer\/"},"modified":"2025-05-18T20:30:25","modified_gmt":"2025-05-18T18:30:25","slug":"the-designer","status":"publish","type":"page","link":"https:\/\/www.gaellechevalier.fr\/en\/the-designer\/","title":{"rendered":"The designer"},"content":{"rendered":"\t\t<div data-elementor-type=\"wp-page\" data-elementor-id=\"11902\" class=\"elementor elementor-11902 elementor-121\">\n\t\t\t\t<div class=\"elementor-element elementor-element-1ebf9a78 e-grid e-con-boxed wpr-particle-no wpr-jarallax-no wpr-parallax-no wpr-sticky-section-no e-con e-parent\" data-id=\"1ebf9a78\" data-element_type=\"container\" data-settings=\"{&quot;background_background&quot;:&quot;classic&quot;}\">\n\t\t\t\t\t<div class=\"e-con-inner\">\n\t\t\t\t<div class=\"elementor-element elementor-element-527703a7 elementor-widget elementor-widget-heading\" data-id=\"527703a7\" data-element_type=\"widget\" data-widget_type=\"heading.default\">\n\t\t\t\t<div class=\"elementor-widget-container\">\n\t\t\t\t\t<h1 class=\"elementor-heading-title elementor-size-default\">The designer<\/h1>\t\t\t\t<\/div>\n\t\t\t\t<\/div>\n\t\t\t\t\t<\/div>\n\t\t\t\t<\/div>\n\t\t\t\t<section class=\"elementor-section elementor-top-section elementor-element elementor-element-7ac6adb about-us elementor-section-boxed elementor-section-height-default elementor-section-height-default wpr-particle-no wpr-jarallax-no wpr-parallax-no wpr-sticky-section-no\" data-id=\"7ac6adb\" data-element_type=\"section\" data-settings=\"{&quot;background_background&quot;:&quot;classic&quot;}\">\n\t\t\t\t\t\t<div class=\"elementor-container elementor-column-gap-default\">\n\t\t\t\t\t<div class=\"elementor-column elementor-col-100 elementor-top-column elementor-element elementor-element-8545e74\" data-id=\"8545e74\" data-element_type=\"column\">\n\t\t\t<div class=\"elementor-widget-wrap elementor-element-populated\">\n\t\t\t\t\t\t<section class=\"elementor-section elementor-inner-section elementor-element elementor-element-3340282 elementor-section-boxed elementor-section-height-default elementor-section-height-default wpr-particle-no wpr-jarallax-no wpr-parallax-no wpr-sticky-section-no\" data-id=\"3340282\" data-element_type=\"section\">\n\t\t\t\t\t\t<div class=\"elementor-container elementor-column-gap-default\">\n\t\t\t\t\t<div class=\"elementor-column elementor-col-50 elementor-inner-column elementor-element elementor-element-26d6590\" data-id=\"26d6590\" data-element_type=\"column\">\n\t\t\t<div class=\"elementor-widget-wrap elementor-element-populated\">\n\t\t\t\t\t\t<div class=\"elementor-element elementor-element-0ef0ef2 elementor-widget elementor-widget-heading\" data-id=\"0ef0ef2\" data-element_type=\"widget\" data-widget_type=\"heading.default\">\n\t\t\t\t<div class=\"elementor-widget-container\">\n\t\t\t\t\t<h4 class=\"elementor-heading-title elementor-size-default\">Ga\u00eblle CHEVALIER - Macram &amp; Couture's creative soul<\/h4>\t\t\t\t<\/div>\n\t\t\t\t<\/div>\n\t\t\t\t<div class=\"elementor-element elementor-element-96c4f92 elementor-widget elementor-widget-text-editor\" data-id=\"96c4f92\" data-element_type=\"widget\" data-widget_type=\"text-editor.default\">\n\t\t\t\t<div class=\"elementor-widget-container\">\n\t\t\t\t\t\t\t\t\t<p>Passionate about creation in all its forms, Ga\u00eblle CHEVALIER embodies the rare union of craftsmanship and contemporary artistic sensibility. After a career in arts and crafts and made-to-measure couture, she founded Macram&amp;Couture, a French brand of exceptional dresses that blend high-end with handmade macram\u00e9.<\/p><p>Each piece by Ga\u00eblle CHEVALIER is an ode to femininity and freedom: fluid, sensual and resolutely modern. Working alone in her studio, she imagines and creates wedding gowns and ceremonial wear combining textile refinement and modern subtlety.<\/p>\t\t\t\t\t\t\t\t<\/div>\n\t\t\t\t<\/div>\n\t\t\t\t<div class=\"elementor-element elementor-element-d4e8b77 elementor-widget elementor-widget-heading\" data-id=\"d4e8b77\" data-element_type=\"widget\" data-widget_type=\"heading.default\">\n\t\t\t\t<div class=\"elementor-widget-container\">\n\t\t\t\t\t<h4 class=\"elementor-heading-title elementor-size-default\">\n\n\n\n\n<\/h4>\t\t\t\t<\/div>\n\t\t\t\t<\/div>\n\t\t\t\t<div class=\"elementor-element elementor-element-f09425b elementor-widget elementor-widget-spacer\" data-id=\"f09425b\" data-element_type=\"widget\" data-widget_type=\"spacer.default\">\n\t\t\t\t<div class=\"elementor-widget-container\">\n\t\t\t\t\t\t\t<div class=\"elementor-spacer\">\n\t\t\t<div class=\"elementor-spacer-inner\"><\/div>\n\t\t<\/div>\n\t\t\t\t\t\t<\/div>\n\t\t\t\t<\/div>\n\t\t\t\t\t<\/div>\n\t\t<\/div>\n\t\t\t\t<div class=\"elementor-column elementor-col-50 elementor-inner-column elementor-element elementor-element-70b1029\" data-id=\"70b1029\" data-element_type=\"column\">\n\t\t\t<div class=\"elementor-widget-wrap elementor-element-populated\">\n\t\t\t\t\t\t<div class=\"elementor-element elementor-element-fc09c86 img-banner elementor-widget__width-initial elementor-widget elementor-widget-image\" data-id=\"fc09c86\" data-element_type=\"widget\" data-widget_type=\"image.default\">\n\t\t\t\t<div class=\"elementor-widget-container\">\n\t\t\t\t\t\t\t\t\t\t\t\t\t\t\t<img fetchpriority=\"high\" decoding=\"async\" width=\"768\" height=\"438\" src=\"https:\/\/www.gaellechevalier.fr\/wp-content\/uploads\/2025\/05\/IMG_20250430_090606-768x438.png\" class=\"attachment-medium_large size-medium_large wp-image-13111\" alt=\"\" srcset=\"https:\/\/www.gaellechevalier.fr\/wp-content\/uploads\/2025\/05\/IMG_20250430_090606-768x438.png 768w, https:\/\/www.gaellechevalier.fr\/wp-content\/uploads\/2025\/05\/IMG_20250430_090606-300x171.png 300w, https:\/\/www.gaellechevalier.fr\/wp-content\/uploads\/2025\/05\/IMG_20250430_090606-1024x583.png 1024w, https:\/\/www.gaellechevalier.fr\/wp-content\/uploads\/2025\/05\/IMG_20250430_090606-1536x875.png 1536w, https:\/\/www.gaellechevalier.fr\/wp-content\/uploads\/2025\/05\/IMG_20250430_090606.png 2036w\" sizes=\"(max-width: 768px) 100vw, 768px\" \/>\t\t\t\t\t\t\t\t\t\t\t\t\t\t\t<\/div>\n\t\t\t\t<\/div>\n\t\t\t\t\t<\/div>\n\t\t<\/div>\n\t\t\t\t\t<\/div>\n\t\t<\/section>\n\t\t\t\t<section class=\"elementor-section elementor-inner-section elementor-element elementor-element-658bfdd elementor-reverse-tablet elementor-reverse-mobile elementor-section-boxed elementor-section-height-default elementor-section-height-default wpr-particle-no wpr-jarallax-no wpr-parallax-no wpr-sticky-section-no\" data-id=\"658bfdd\" data-element_type=\"section\">\n\t\t\t\t\t\t<div class=\"elementor-container elementor-column-gap-default\">\n\t\t\t\t\t<div class=\"elementor-column elementor-col-50 elementor-inner-column elementor-element elementor-element-3ca4a29\" data-id=\"3ca4a29\" data-element_type=\"column\">\n\t\t\t<div class=\"elementor-widget-wrap elementor-element-populated\">\n\t\t\t\t\t\t<div class=\"elementor-element elementor-element-0c8ca13 img-banner elementor-widget__width-initial elementor-widget elementor-widget-image\" data-id=\"0c8ca13\" data-element_type=\"widget\" data-widget_type=\"image.default\">\n\t\t\t\t<div class=\"elementor-widget-container\">\n\t\t\t\t\t\t\t\t\t\t\t\t\t\t\t<img decoding=\"async\" width=\"180\" height=\"300\" src=\"https:\/\/www.gaellechevalier.fr\/wp-content\/uploads\/2024\/06\/alix-gres-180x300.jpg\" class=\"attachment-medium size-medium wp-image-11685\" alt=\"\" srcset=\"https:\/\/www.gaellechevalier.fr\/wp-content\/uploads\/2024\/06\/alix-gres-180x300.jpg 180w, https:\/\/www.gaellechevalier.fr\/wp-content\/uploads\/2024\/06\/alix-gres.jpg 450w\" sizes=\"(max-width: 180px) 100vw, 180px\" \/>\t\t\t\t\t\t\t\t\t\t\t\t\t\t\t<\/div>\n\t\t\t\t<\/div>\n\t\t\t\t\t<\/div>\n\t\t<\/div>\n\t\t\t\t<div class=\"elementor-column elementor-col-50 elementor-inner-column elementor-element elementor-element-230b944\" data-id=\"230b944\" data-element_type=\"column\">\n\t\t\t<div class=\"elementor-widget-wrap elementor-element-populated\">\n\t\t\t\t\t\t<div class=\"elementor-element elementor-element-8f76663 elementor-widget__width-initial elementor-widget elementor-widget-heading\" data-id=\"8f76663\" data-element_type=\"widget\" data-widget_type=\"heading.default\">\n\t\t\t\t<div class=\"elementor-widget-container\">\n\t\t\t\t\t<h2 class=\"elementor-heading-title elementor-size-default\">Her inspiration<\/h2>\t\t\t\t<\/div>\n\t\t\t\t<\/div>\n\t\t\t\t<div class=\"elementor-element elementor-element-fde37ef elementor-widget elementor-widget-text-editor\" data-id=\"fde37ef\" data-element_type=\"widget\" data-widget_type=\"text-editor.default\">\n\t\t\t\t<div class=\"elementor-widget-container\">\n\t\t\t\t\t\t\t\t\t<p>Ga\u00eblle CHEVALIER draws her inspiration primarily from ethnic styles and boho chic looks, but also from iconic figures from the world of fashion, such as the designer and ingenious technician of the 1940s who mastered the art of draping to perfection, Alix Gr\u00e8s.<\/p><p>Haute couture house where Ga\u00eblle had the chance to do one of her internships in Paris during her studies.<\/p>\t\t\t\t\t\t\t\t<\/div>\n\t\t\t\t<\/div>\n\t\t\t\t<div class=\"elementor-element elementor-element-536e458 elementor-widget elementor-widget-spacer\" data-id=\"536e458\" data-element_type=\"widget\" data-widget_type=\"spacer.default\">\n\t\t\t\t<div class=\"elementor-widget-container\">\n\t\t\t\t\t\t\t<div class=\"elementor-spacer\">\n\t\t\t<div class=\"elementor-spacer-inner\"><\/div>\n\t\t<\/div>\n\t\t\t\t\t\t<\/div>\n\t\t\t\t<\/div>\n\t\t\t\t<div class=\"elementor-element elementor-element-d0642ec elementor-widget__width-initial elementor-widget elementor-widget-button\" data-id=\"d0642ec\" data-element_type=\"widget\" data-widget_type=\"button.default\">\n\t\t\t\t<div class=\"elementor-widget-container\">\n\t\t\t\t\t\t\t\t\t<div class=\"elementor-button-wrapper\">\n\t\t\t\t\t<a class=\"elementor-button elementor-button-link elementor-size-sm\" href=\"http:\/\/gaellechevalier.fr\/les-collections\/\">\n\t\t\t\t\t\t<span class=\"elementor-button-content-wrapper\">\n\t\t\t\t\t\t\t\t\t<span class=\"elementor-button-text\">View collections<\/span>\n\t\t\t\t\t<\/span>\n\t\t\t\t\t<\/a>\n\t\t\t\t<\/div>\n\t\t\t\t\t\t\t\t<\/div>\n\t\t\t\t<\/div>\n\t\t\t\t\t<\/div>\n\t\t<\/div>\n\t\t\t\t\t<\/div>\n\t\t<\/section>\n\t\t\t\t\t<\/div>\n\t\t<\/div>\n\t\t\t\t\t<\/div>\n\t\t<\/section>\n\t\t<div class=\"elementor-element elementor-element-62faf14 e-flex e-con-boxed wpr-particle-no wpr-jarallax-no wpr-parallax-no wpr-sticky-section-no e-con e-parent\" data-id=\"62faf14\" data-element_type=\"container\">\n\t\t\t\t\t<div class=\"e-con-inner\">\n\t\t<div class=\"elementor-element elementor-element-80837c0 e-con-full e-flex wpr-particle-no wpr-jarallax-no wpr-parallax-no wpr-sticky-section-no e-con e-child\" data-id=\"80837c0\" data-element_type=\"container\">\n\t\t\t\t<\/div>\n\t\t\t\t<div class=\"elementor-element elementor-element-9fe99de elementor-widget__width-initial elementor-widget elementor-widget-image\" data-id=\"9fe99de\" data-element_type=\"widget\" data-widget_type=\"image.default\">\n\t\t\t\t<div class=\"elementor-widget-container\">\n\t\t\t\t\t\t\t\t\t\t\t\t\t\t\t<img decoding=\"async\" width=\"500\" height=\"750\" src=\"https:\/\/www.gaellechevalier.fr\/wp-content\/uploads\/2024\/06\/shooting_156-e1752515101832.jpg\" class=\"attachment-medium_large size-medium_large wp-image-11830\" alt=\"\" \/>\t\t\t\t\t\t\t\t\t\t\t\t\t\t\t<\/div>\n\t\t\t\t<\/div>\n\t\t<div class=\"elementor-element elementor-element-7bf6d16 e-con-full e-flex wpr-particle-no wpr-jarallax-no wpr-parallax-no wpr-sticky-section-no e-con e-child\" data-id=\"7bf6d16\" data-element_type=\"container\">\n\t\t\t\t<\/div>\n\t\t\t\t<div class=\"elementor-element elementor-element-34fe5f2 elementor-widget__width-initial elementor-widget elementor-widget-text-editor\" data-id=\"34fe5f2\" data-element_type=\"widget\" data-widget_type=\"text-editor.default\">\n\t\t\t\t<div class=\"elementor-widget-container\">\n\t\t\t\t\t\t\t\t\t<p> <\/p><p><em>The world of Ga\u00eblle Chevalier Macram&amp;Couture is for women in search of singularity, who want to celebrate their elegance with authenticity.<\/em><\/p><p><em>&#8212;&#8212;&#8212;&#8212;-<\/em><\/p><p><em>Her mastery of macram\u00e9, rare in the luxury world, becomes a poetic, assertive textile language.<\/em><\/p>\t\t\t\t\t\t\t\t<\/div>\n\t\t\t\t<\/div>\n\t\t\t\t<div class=\"elementor-element elementor-element-688a245 elementor-widget__width-initial elementor-widget elementor-widget-image\" data-id=\"688a245\" data-element_type=\"widget\" data-widget_type=\"image.default\">\n\t\t\t\t<div class=\"elementor-widget-container\">\n\t\t\t\t\t\t\t\t\t\t\t\t\t\t\t<img loading=\"lazy\" decoding=\"async\" width=\"500\" height=\"750\" src=\"https:\/\/www.gaellechevalier.fr\/wp-content\/uploads\/2024\/06\/shooting_154.jpg\" class=\"attachment-medium_large size-medium_large wp-image-11829\" alt=\"\" srcset=\"https:\/\/www.gaellechevalier.fr\/wp-content\/uploads\/2024\/06\/shooting_154.jpg 500w, https:\/\/www.gaellechevalier.fr\/wp-content\/uploads\/2024\/06\/shooting_154-200x300.jpg 200w\" sizes=\"(max-width: 500px) 100vw, 500px\" \/>\t\t\t\t\t\t\t\t\t\t\t\t\t\t\t<\/div>\n\t\t\t\t<\/div>\n\t\t<div class=\"elementor-element elementor-element-e518f5e e-con-full e-flex wpr-particle-no wpr-jarallax-no wpr-parallax-no wpr-sticky-section-no e-con e-child\" data-id=\"e518f5e\" data-element_type=\"container\">\n\t\t\t\t<\/div>\n\t\t\t\t\t<\/div>\n\t\t\t\t<\/div>\n\t\t<div class=\"elementor-element elementor-element-3e082a2 e-flex e-con-boxed wpr-particle-no wpr-jarallax-no wpr-parallax-no wpr-sticky-section-no e-con e-parent\" data-id=\"3e082a2\" data-element_type=\"container\">\n\t\t\t\t\t<div class=\"e-con-inner\">\n\t\t\t\t<div class=\"elementor-element elementor-element-60a5e2f elementor-align-center elementor-widget elementor-widget-button\" data-id=\"60a5e2f\" data-element_type=\"widget\" data-widget_type=\"button.default\">\n\t\t\t\t<div class=\"elementor-widget-container\">\n\t\t\t\t\t\t\t\t\t<div class=\"elementor-button-wrapper\">\n\t\t\t\t\t<a class=\"elementor-button elementor-button-link elementor-size-sm\" href=\"https:\/\/www.gaellechevalier.fr\/en\/contact\/\">\n\t\t\t\t\t\t<span class=\"elementor-button-content-wrapper\">\n\t\t\t\t\t\t\t\t\t<span class=\"elementor-button-text\">Make an appointment<\/span>\n\t\t\t\t\t<\/span>\n\t\t\t\t\t<\/a>\n\t\t\t\t<\/div>\n\t\t\t\t\t\t\t\t<\/div>\n\t\t\t\t<\/div>\n\t\t\t\t\t<\/div>\n\t\t\t\t<\/div>\n\t\t\t\t<\/div>\n\t\t","protected":false},"excerpt":{"rendered":"<p>The designer Ga\u00eblle CHEVALIER &#8211; Macram &amp; Couture&#8217;s creative soul Passionate about creation in all its forms, Ga\u00eblle CHEVALIER embodies the rare union of craftsmanship and contemporary artistic sensibility. After a career in arts and crafts and made-to-measure couture, she founded Macram&amp;Couture, a French brand of exceptional dresses that blend high-end with handmade macram\u00e9. Each piece by Ga\u00eblle CHEVALIER is an ode to femininity and freedom: fluid, sensual and resolutely modern. Working alone in her studio, she imagines and creates wedding gowns and ceremonial wear combining textile refinement and modern subtlety. Her inspiration Ga\u00eblle CHEVALIER draws her inspiration primarily from ethnic styles and boho chic looks, but also from iconic figures from the world of fashion, such as the designer and ingenious technician of the 1940s who mastered the art of draping to perfection, Alix Gr\u00e8s. Haute couture house where Ga\u00eblle had the chance to do one of her internships in Paris during her studies. View collections The world of Ga\u00eblle Chevalier Macram&amp;Couture is for women in search of singularity, who want to celebrate their elegance with authenticity. &#8212;&#8212;&#8212;&#8212;- Her mastery of macram\u00e9, rare in the luxury world, becomes a poetic, assertive textile language. Make an appointment<\/p>\n","protected":false},"author":2,"featured_media":11682,"parent":0,"menu_order":0,"comment_status":"closed","ping_status":"closed","template":"elementor_header_footer","meta":{"_tbt_post_transparent":"","_tbt_post_title":"","_tbt_post_layout":"","_tbt_post_sidebar_id":"","_tbt_post_content_style":"","_tbt_post_vertical_padding":"","_tbt_post_feature":"","_tbt_post_feature_position":"","_tbt_post_header":false,"_tbt_post_footer":false},"class_list":["post-11902","page","type-page","status-publish","has-post-thumbnail","hentry"],"yoast_head":"<!-- This site is optimized with the Yoast SEO plugin v27.4 - https:\/\/yoast.com\/product\/yoast-seo-wordpress\/ -->\n<title>The designer - Ga\u00eblle Chevalier Macram&amp;Couture<\/title>\n<meta name=\"description\" content=\"Ga\u00eblle Chevalier, wedding dress designer in the Loire (42). Specializing in custom-made dresses, treat yourself to the dress of your dreams!\" \/>\n<meta name=\"robots\" content=\"index, follow, max-snippet:-1, max-image-preview:large, max-video-preview:-1\" \/>\n<link rel=\"canonical\" href=\"https:\/\/www.gaellechevalier.fr\/en\/the-designer\/\" \/>\n<meta property=\"og:locale\" content=\"en_US\" \/>\n<meta property=\"og:type\" content=\"article\" \/>\n<meta property=\"og:title\" content=\"The designer - Ga\u00eblle Chevalier Macram&amp;Couture\" \/>\n<meta property=\"og:description\" content=\"Ga\u00eblle Chevalier, wedding dress designer in the Loire (42). Specializing in custom-made dresses, treat yourself to the dress of your dreams!\" \/>\n<meta property=\"og:url\" content=\"https:\/\/www.gaellechevalier.fr\/en\/the-designer\/\" \/>\n<meta property=\"og:site_name\" content=\"Ga\u00eblle Chevalier Macram&amp;Couture\" \/>\n<meta property=\"article:modified_time\" content=\"2025-05-18T18:30:25+00:00\" \/>\n<meta property=\"og:image\" content=\"https:\/\/www.gaellechevalier.fr\/wp-content\/uploads\/2024\/06\/breadcrumb-img.jpg\" \/>\n\t<meta property=\"og:image:width\" content=\"1903\" \/>\n\t<meta property=\"og:image:height\" content=\"261\" \/>\n\t<meta property=\"og:image:type\" content=\"image\/jpeg\" \/>\n<meta name=\"twitter:card\" content=\"summary_large_image\" \/>\n<meta name=\"twitter:label1\" content=\"Est. reading time\" \/>\n\t<meta name=\"twitter:data1\" content=\"1 minute\" \/>\n<script type=\"application\/ld+json\" class=\"yoast-schema-graph\">{\"@context\":\"https:\\\/\\\/schema.org\",\"@graph\":[{\"@type\":\"WebPage\",\"@id\":\"https:\\\/\\\/www.gaellechevalier.fr\\\/en\\\/the-designer\\\/\",\"url\":\"https:\\\/\\\/www.gaellechevalier.fr\\\/en\\\/the-designer\\\/\",\"name\":\"The designer - Ga\u00eblle Chevalier Macram&amp;Couture\",\"isPartOf\":{\"@id\":\"https:\\\/\\\/www.gaellechevalier.fr\\\/en\\\/#website\"},\"primaryImageOfPage\":{\"@id\":\"https:\\\/\\\/www.gaellechevalier.fr\\\/en\\\/the-designer\\\/#primaryimage\"},\"image\":{\"@id\":\"https:\\\/\\\/www.gaellechevalier.fr\\\/en\\\/the-designer\\\/#primaryimage\"},\"thumbnailUrl\":\"https:\\\/\\\/www.gaellechevalier.fr\\\/wp-content\\\/uploads\\\/2024\\\/06\\\/breadcrumb-img.jpg\",\"datePublished\":\"2025-05-11T20:48:03+00:00\",\"dateModified\":\"2025-05-18T18:30:25+00:00\",\"description\":\"Ga\u00eblle Chevalier, wedding dress designer in the Loire (42). Specializing in custom-made dresses, treat yourself to the dress of your dreams!\",\"breadcrumb\":{\"@id\":\"https:\\\/\\\/www.gaellechevalier.fr\\\/en\\\/the-designer\\\/#breadcrumb\"},\"inLanguage\":\"en-US\",\"potentialAction\":[{\"@type\":\"ReadAction\",\"target\":[\"https:\\\/\\\/www.gaellechevalier.fr\\\/en\\\/the-designer\\\/\"]}]},{\"@type\":\"ImageObject\",\"inLanguage\":\"en-US\",\"@id\":\"https:\\\/\\\/www.gaellechevalier.fr\\\/en\\\/the-designer\\\/#primaryimage\",\"url\":\"https:\\\/\\\/www.gaellechevalier.fr\\\/wp-content\\\/uploads\\\/2024\\\/06\\\/breadcrumb-img.jpg\",\"contentUrl\":\"https:\\\/\\\/www.gaellechevalier.fr\\\/wp-content\\\/uploads\\\/2024\\\/06\\\/breadcrumb-img.jpg\",\"width\":1903,\"height\":261},{\"@type\":\"BreadcrumbList\",\"@id\":\"https:\\\/\\\/www.gaellechevalier.fr\\\/en\\\/the-designer\\\/#breadcrumb\",\"itemListElement\":[{\"@type\":\"ListItem\",\"position\":1,\"name\":\"Accueil\",\"item\":\"https:\\\/\\\/www.gaellechevalier.fr\\\/en\\\/home\\\/\"},{\"@type\":\"ListItem\",\"position\":2,\"name\":\"The designer\"}]},{\"@type\":\"WebSite\",\"@id\":\"https:\\\/\\\/www.gaellechevalier.fr\\\/en\\\/#website\",\"url\":\"https:\\\/\\\/www.gaellechevalier.fr\\\/en\\\/\",\"name\":\"Ga\u00eblle Chevalier Macram&amp;Couture\",\"description\":\"\",\"publisher\":{\"@id\":\"https:\\\/\\\/www.gaellechevalier.fr\\\/en\\\/#organization\"},\"potentialAction\":[{\"@type\":\"SearchAction\",\"target\":{\"@type\":\"EntryPoint\",\"urlTemplate\":\"https:\\\/\\\/www.gaellechevalier.fr\\\/en\\\/?s={search_term_string}\"},\"query-input\":{\"@type\":\"PropertyValueSpecification\",\"valueRequired\":true,\"valueName\":\"search_term_string\"}}],\"inLanguage\":\"en-US\"},{\"@type\":\"Organization\",\"@id\":\"https:\\\/\\\/www.gaellechevalier.fr\\\/en\\\/#organization\",\"name\":\"Ga\u00eblle Chevalier Atelier de cr\u00e9ation\",\"url\":\"https:\\\/\\\/www.gaellechevalier.fr\\\/en\\\/\",\"logo\":{\"@type\":\"ImageObject\",\"inLanguage\":\"en-US\",\"@id\":\"https:\\\/\\\/www.gaellechevalier.fr\\\/en\\\/#\\\/schema\\\/logo\\\/image\\\/\",\"url\":\"https:\\\/\\\/www.gaellechevalier.fr\\\/wp-content\\\/uploads\\\/2025\\\/05\\\/cropped-cropped-IMG_20231101_172605_269-1.jpg\",\"contentUrl\":\"https:\\\/\\\/www.gaellechevalier.fr\\\/wp-content\\\/uploads\\\/2025\\\/05\\\/cropped-cropped-IMG_20231101_172605_269-1.jpg\",\"width\":498,\"height\":308,\"caption\":\"Ga\u00eblle Chevalier Atelier de cr\u00e9ation\"},\"image\":{\"@id\":\"https:\\\/\\\/www.gaellechevalier.fr\\\/en\\\/#\\\/schema\\\/logo\\\/image\\\/\"}}]}<\/script>\n<!-- \/ Yoast SEO plugin. -->","yoast_head_json":{"title":"The designer - Ga\u00eblle Chevalier Macram&amp;Couture","description":"Ga\u00eblle Chevalier, wedding dress designer in the Loire (42). Specializing in custom-made dresses, treat yourself to the dress of your dreams!","robots":{"index":"index","follow":"follow","max-snippet":"max-snippet:-1","max-image-preview":"max-image-preview:large","max-video-preview":"max-video-preview:-1"},"canonical":"https:\/\/www.gaellechevalier.fr\/en\/the-designer\/","og_locale":"en_US","og_type":"article","og_title":"The designer - Ga\u00eblle Chevalier Macram&amp;Couture","og_description":"Ga\u00eblle Chevalier, wedding dress designer in the Loire (42). Specializing in custom-made dresses, treat yourself to the dress of your dreams!","og_url":"https:\/\/www.gaellechevalier.fr\/en\/the-designer\/","og_site_name":"Ga\u00eblle Chevalier Macram&amp;Couture","article_modified_time":"2025-05-18T18:30:25+00:00","og_image":[{"width":1903,"height":261,"url":"https:\/\/www.gaellechevalier.fr\/wp-content\/uploads\/2024\/06\/breadcrumb-img.jpg","type":"image\/jpeg"}],"twitter_card":"summary_large_image","twitter_misc":{"Est. reading time":"1 minute"},"schema":{"@context":"https:\/\/schema.org","@graph":[{"@type":"WebPage","@id":"https:\/\/www.gaellechevalier.fr\/en\/the-designer\/","url":"https:\/\/www.gaellechevalier.fr\/en\/the-designer\/","name":"The designer - Ga\u00eblle Chevalier Macram&amp;Couture","isPartOf":{"@id":"https:\/\/www.gaellechevalier.fr\/en\/#website"},"primaryImageOfPage":{"@id":"https:\/\/www.gaellechevalier.fr\/en\/the-designer\/#primaryimage"},"image":{"@id":"https:\/\/www.gaellechevalier.fr\/en\/the-designer\/#primaryimage"},"thumbnailUrl":"https:\/\/www.gaellechevalier.fr\/wp-content\/uploads\/2024\/06\/breadcrumb-img.jpg","datePublished":"2025-05-11T20:48:03+00:00","dateModified":"2025-05-18T18:30:25+00:00","description":"Ga\u00eblle Chevalier, wedding dress designer in the Loire (42). Specializing in custom-made dresses, treat yourself to the dress of your dreams!","breadcrumb":{"@id":"https:\/\/www.gaellechevalier.fr\/en\/the-designer\/#breadcrumb"},"inLanguage":"en-US","potentialAction":[{"@type":"ReadAction","target":["https:\/\/www.gaellechevalier.fr\/en\/the-designer\/"]}]},{"@type":"ImageObject","inLanguage":"en-US","@id":"https:\/\/www.gaellechevalier.fr\/en\/the-designer\/#primaryimage","url":"https:\/\/www.gaellechevalier.fr\/wp-content\/uploads\/2024\/06\/breadcrumb-img.jpg","contentUrl":"https:\/\/www.gaellechevalier.fr\/wp-content\/uploads\/2024\/06\/breadcrumb-img.jpg","width":1903,"height":261},{"@type":"BreadcrumbList","@id":"https:\/\/www.gaellechevalier.fr\/en\/the-designer\/#breadcrumb","itemListElement":[{"@type":"ListItem","position":1,"name":"Accueil","item":"https:\/\/www.gaellechevalier.fr\/en\/home\/"},{"@type":"ListItem","position":2,"name":"The designer"}]},{"@type":"WebSite","@id":"https:\/\/www.gaellechevalier.fr\/en\/#website","url":"https:\/\/www.gaellechevalier.fr\/en\/","name":"Ga\u00eblle Chevalier Macram&amp;Couture","description":"","publisher":{"@id":"https:\/\/www.gaellechevalier.fr\/en\/#organization"},"potentialAction":[{"@type":"SearchAction","target":{"@type":"EntryPoint","urlTemplate":"https:\/\/www.gaellechevalier.fr\/en\/?s={search_term_string}"},"query-input":{"@type":"PropertyValueSpecification","valueRequired":true,"valueName":"search_term_string"}}],"inLanguage":"en-US"},{"@type":"Organization","@id":"https:\/\/www.gaellechevalier.fr\/en\/#organization","name":"Ga\u00eblle Chevalier Atelier de cr\u00e9ation","url":"https:\/\/www.gaellechevalier.fr\/en\/","logo":{"@type":"ImageObject","inLanguage":"en-US","@id":"https:\/\/www.gaellechevalier.fr\/en\/#\/schema\/logo\/image\/","url":"https:\/\/www.gaellechevalier.fr\/wp-content\/uploads\/2025\/05\/cropped-cropped-IMG_20231101_172605_269-1.jpg","contentUrl":"https:\/\/www.gaellechevalier.fr\/wp-content\/uploads\/2025\/05\/cropped-cropped-IMG_20231101_172605_269-1.jpg","width":498,"height":308,"caption":"Ga\u00eblle Chevalier Atelier de cr\u00e9ation"},"image":{"@id":"https:\/\/www.gaellechevalier.fr\/en\/#\/schema\/logo\/image\/"}}]}},"_links":{"self":[{"href":"https:\/\/www.gaellechevalier.fr\/en\/wp-json\/wp\/v2\/pages\/11902","targetHints":{"allow":["GET"]}}],"collection":[{"href":"https:\/\/www.gaellechevalier.fr\/en\/wp-json\/wp\/v2\/pages"}],"about":[{"href":"https:\/\/www.gaellechevalier.fr\/en\/wp-json\/wp\/v2\/types\/page"}],"author":[{"embeddable":true,"href":"https:\/\/www.gaellechevalier.fr\/en\/wp-json\/wp\/v2\/users\/2"}],"replies":[{"embeddable":true,"href":"https:\/\/www.gaellechevalier.fr\/en\/wp-json\/wp\/v2\/comments?post=11902"}],"version-history":[{"count":7,"href":"https:\/\/www.gaellechevalier.fr\/en\/wp-json\/wp\/v2\/pages\/11902\/revisions"}],"predecessor-version":[{"id":13327,"href":"https:\/\/www.gaellechevalier.fr\/en\/wp-json\/wp\/v2\/pages\/11902\/revisions\/13327"}],"wp:featuredmedia":[{"embeddable":true,"href":"https:\/\/www.gaellechevalier.fr\/en\/wp-json\/wp\/v2\/media\/11682"}],"wp:attachment":[{"href":"https:\/\/www.gaellechevalier.fr\/en\/wp-json\/wp\/v2\/media?parent=11902"}],"curies":[{"name":"wp","href":"https:\/\/api.w.org\/{rel}","templated":true}]}}